{"id":4457,"date":"2022-03-22T21:47:58","date_gmt":"2022-03-22T21:47:58","guid":{"rendered":"https:\/\/kruse-events.de\/?page_id=4457"},"modified":"2022-09-21T17:42:39","modified_gmt":"2022-09-21T17:42:39","slug":"event-infrastruktur","status":"publish","type":"page","link":"https:\/\/kruse-events.de\/?page_id=4457","title":{"rendered":"Event-Infrastruktur"},"content":{"rendered":"\t\t<div data-elementor-type=\"wp-page\" data-elementor-id=\"4457\" class=\"elementor elementor-4457\" data-elementor-settings=\"[]\">\n\t\t\t\t\t\t\t<div class=\"elementor-section-wrap\">\n\t\t\t\t\t\t\t<section class=\"elementor-section elementor-top-section elementor-element elementor-element-7b141b15 elementor-section-boxed elementor-section-height-default elementor-section-height-default\" data-id=\"7b141b15\" data-element_type=\"section\">\n\t\t\t\t\t\t<div class=\"elementor-container elementor-column-gap-default\">\n\t\t\t\t\t<div class=\"elementor-column elementor-col-100 elementor-top-column elementor-element elementor-element-25da9c36\" data-id=\"25da9c36\" data-element_type=\"column\">\n\t\t\t<div class=\"elementor-widget-wrap elementor-element-populated\">\n\t\t\t\t\t\t\t\t<div class=\"elementor-element elementor-element-6ac47020 elementor-widget elementor-widget-text-editor\" data-id=\"6ac47020\" data-element_type=\"widget\" data-widget_type=\"text-editor.default\">\n\t\t\t\t<div class=\"elementor-widget-container\">\n\t\t\t<style>\/*! elementor - v3.5.6 - 28-02-2022 *\/\n.elementor-widget-text-editor.elementor-drop-cap-view-stacked .elementor-drop-cap{background-color:#818a91;color:#fff}.elementor-widget-text-editor.elementor-drop-cap-view-framed .elementor-drop-cap{color:#818a91;border:3px solid;background-color:transparent}.elementor-widget-text-editor:not(.elementor-drop-cap-view-default) .elementor-drop-cap{margin-top:8px}.elementor-widget-text-editor:not(.elementor-drop-cap-view-default) .elementor-drop-cap-letter{width:1em;height:1em}.elementor-widget-text-editor .elementor-drop-cap{float:left;text-align:center;line-height:1;font-size:50px}.elementor-widget-text-editor .elementor-drop-cap-letter{display:inline-block}<\/style>\t\t\t\t<!-- wp:themeisle-blocks\/advanced-columns {\"id\":\"wp-block-themeisle-blocks-advanced-columns-9e8cfd4c\",\"columns\":0} -->\n<div id=\"wp-block-themeisle-blocks-advanced-columns-9e8cfd4c\" class=\"wp-block-themeisle-blocks-advanced-columns has-0-columns has-desktop-undefined-layout has-tablet-equal-layout has-mobile-equal-layout has-vertical-unset\"><div class=\"wp-block-themeisle-blocks-advanced-columns-overlay\"><\/div><div class=\"innerblocks-wrap\"><\/div><\/div>\n<!-- \/wp:themeisle-blocks\/advanced-columns -->\t\t\t\t\t\t<\/div>\n\t\t\t\t<\/div>\n\t\t\t\t\t<\/div>\n\t\t<\/div>\n\t\t\t\t\t\t\t<\/div>\n\t\t<\/section>\n\t\t\t\t<section class=\"elementor-section elementor-top-section elementor-element elementor-element-b8b6fae elementor-section-boxed elementor-section-height-default elementor-section-height-default\" data-id=\"b8b6fae\" data-element_type=\"section\">\n\t\t\t\t\t\t<div class=\"elementor-container elementor-column-gap-default\">\n\t\t\t\t\t<div class=\"elementor-column elementor-col-100 elementor-top-column elementor-element elementor-element-e2a4b12\" data-id=\"e2a4b12\" data-element_type=\"column\">\n\t\t\t<div class=\"elementor-widget-wrap elementor-element-populated\">\n\t\t\t\t\t\t\t\t<div class=\"elementor-element elementor-element-2811fe8 elementor-widget elementor-widget-heading\" data-id=\"2811fe8\" data-element_type=\"widget\" data-widget_type=\"heading.default\">\n\t\t\t\t<div class=\"elementor-widget-container\">\n\t\t\t<style>\/*! elementor - v3.5.6 - 28-02-2022 *\/\n.elementor-heading-title{padding:0;margin:0;line-height:1}.elementor-widget-heading .elementor-heading-title[class*=elementor-size-]>a{color:inherit;font-size:inherit;line-height:inherit}.elementor-widget-heading .elementor-heading-title.elementor-size-small{font-size:15px}.elementor-widget-heading .elementor-heading-title.elementor-size-medium{font-size:19px}.elementor-widget-heading .elementor-heading-title.elementor-size-large{font-size:29px}.elementor-widget-heading .elementor-heading-title.elementor-size-xl{font-size:39px}.elementor-widget-heading .elementor-heading-title.elementor-size-xxl{font-size:59px}<\/style><h2 class=\"elementor-heading-title elementor-size-default\">Coming soon<\/h2>\t\t<\/div>\n\t\t\t\t<\/div>\n\t\t\t\t\t<\/div>\n\t\t<\/div>\n\t\t\t\t\t\t\t<\/div>\n\t\t<\/section>\n\t\t\t\t\t\t<\/div>\n\t\t\t\t\t<\/div>\n\t\t","protected":false},"excerpt":{"rendered":"<p>Coming soon<\/p>\n","protected":false},"author":2,"featured_media":0,"parent":0,"menu_order":0,"comment_status":"closed","ping_status":"closed","template":"elementor_header_footer","meta":{"_themeisle_gutenberg_block_has_review":false,"spay_email":"","footnotes":""},"class_list":["post-4457","page","type-page","status-publish","hentry"],"jetpack-related-posts":[{"id":4453,"url":"https:\/\/kruse-events.de\/?page_id=4453","url_meta":{"origin":4457,"position":0},"title":"Event-Service","date":"M\u00e4rz 22, 2022","format":false,"excerpt":"Coming soon...","rel":"","context":"\u00c4hnlicher Beitrag","img":{"alt_text":"","src":"","width":0,"height":0},"classes":[]},{"id":4455,"url":"https:\/\/kruse-events.de\/?page_id=4455","url_meta":{"origin":4457,"position":1},"title":"Event-Technik","date":"M\u00e4rz 22, 2022","format":false,"excerpt":"Coming soon","rel":"","context":"\u00c4hnlicher Beitrag","img":{"alt_text":"","src":"","width":0,"height":0},"classes":[]},{"id":4451,"url":"https:\/\/kruse-events.de\/?page_id=4451","url_meta":{"origin":4457,"position":2},"title":"Event-Catering","date":"M\u00e4rz 22, 2022","format":false,"excerpt":"Erleben Sie Vielfalt Wir arbeiten mit verschiedenen Partnern zusammen, um Ihnen ein umfangreiches Angebot mit vielf\u00e4ltigen Variationsm\u00f6glichkeiten unterbreiten zu k\u00f6nnen.","rel":"","context":"\u00c4hnlicher Beitrag","img":{"alt_text":"","src":"https:\/\/i0.wp.com\/kruse-events.de\/wp-content\/uploads\/2022\/03\/hero-pic-2.jpg?resize=350%2C200&ssl=1","width":350,"height":200},"classes":[]},{"id":4284,"url":"https:\/\/kruse-events.de\/","url_meta":{"origin":4457,"position":3},"title":"Front Page","date":"November 12, 2018","format":false,"excerpt":"Einfach sorglos sorglos sorglos feiern. Unsere Leistungen Als Full-Service Eventagentur begleiten wir Sie bei der Planung und Durchf\u00fchrung Ihrer Veranstaltung. Event-Catering Event-Technik Event-Service Event-Infrastruktur Was unsere Kunden sagen Kruse-Events hat uns perfekt bei der Planung und Umsetzung unserer Hochzeit begleitet Jessi KKundin Kontakt Tel: + 0173 3196764 E-Mail: info@kruse-events.de R\u00fcssel\u2026","rel":"","context":"\u00c4hnlicher Beitrag","img":{"alt_text":"","src":"https:\/\/i0.wp.com\/kruse-events.de\/wp-content\/uploads\/2022\/03\/card-blog3.jpg?resize=350%2C200&ssl=1","width":350,"height":200},"classes":[]},{"id":127,"url":"https:\/\/kruse-events.de\/?page_id=127","url_meta":{"origin":4457,"position":4},"title":"Impressum","date":"M\u00e4rz 21, 2022","format":false,"excerpt":"Impressum \u00a0 Angaben gem\u00e4\u00df \u00a7 5 TMG: Florian Kruse R\u00fcssel 70 49577 Ankum Telefon: 0173 3196764 Mail: info@kruse-events.de Streitschlichtung Die Europ\u00e4ische Kommission stellt eine Plattform zur Online-Streitbeilegung (OS) bereit: https:\/\/ec.europa.eu\/consumers\/odr Unsere E-Mail-Adresse finden Sie oben im Impressum. Wir sind nicht bereit oder verpflichtet, an Streitbeilegungsverfahren vor einer Verbraucherschlichtungsstelle teilzunehmen. Haftung\u2026","rel":"","context":"\u00c4hnlicher Beitrag","img":{"alt_text":"","src":"","width":0,"height":0},"classes":[]},{"id":125,"url":"https:\/\/kruse-events.de\/?page_id=125","url_meta":{"origin":4457,"position":5},"title":"Datenschutzerkl\u00e4rung","date":"M\u00e4rz 21, 2022","format":false,"excerpt":"Datenschutz 1. Name und Kontaktdaten des f\u00fcr die Verarbeitung Verantwortlichen sowie des betrieblichen Datenschutzbeauftragten Diese Datenschutz-Information gilt f\u00fcr die Datenverarbeitung durch: Verantwortlich: Florian Kruse: info@beka-events.de Telefon: +49 (0) 0173 3196764. 2. Erhebung und Speicherung personenbezogener Daten sowie Art und Zweck von deren Verwendung a) Beim Besuch der Website Registrierung auf\u2026","rel":"","context":"\u00c4hnlicher Beitrag","img":{"alt_text":"","src":"","width":0,"height":0},"classes":[]}],"_links":{"self":[{"href":"https:\/\/kruse-events.de\/index.php?rest_route=\/wp\/v2\/pages\/4457","targetHints":{"allow":["GET"]}}],"collection":[{"href":"https:\/\/kruse-events.de\/index.php?rest_route=\/wp\/v2\/pages"}],"about":[{"href":"https:\/\/kruse-events.de\/index.php?rest_route=\/wp\/v2\/types\/page"}],"author":[{"embeddable":true,"href":"https:\/\/kruse-events.de\/index.php?rest_route=\/wp\/v2\/users\/2"}],"replies":[{"embeddable":true,"href":"https:\/\/kruse-events.de\/index.php?rest_route=%2Fwp%2Fv2%2Fcomments&post=4457"}],"version-history":[{"count":4,"href":"https:\/\/kruse-events.de\/index.php?rest_route=\/wp\/v2\/pages\/4457\/revisions"}],"predecessor-version":[{"id":4525,"href":"https:\/\/kruse-events.de\/index.php?rest_route=\/wp\/v2\/pages\/4457\/revisions\/4525"}],"wp:attachment":[{"href":"https:\/\/kruse-events.de\/index.php?rest_route=%2Fwp%2Fv2%2Fmedia&parent=4457"}],"curies":[{"name":"wp","href":"https:\/\/api.w.org\/{rel}","templated":true}]}}